{"id":327,"date":"2023-06-05T12:04:08","date_gmt":"2023-06-05T12:04:08","guid":{"rendered":"https:\/\/vrcars.es\/?page_id=327"},"modified":"2023-06-09T09:46:28","modified_gmt":"2023-06-09T09:46:28","slug":"a-la-carta","status":"publish","type":"page","link":"https:\/\/vrcars.es\/es_es\/a-la-carta\/","title":{"rendered":"A la carta"},"content":{"rendered":"\t\t<div data-elementor-type=\"wp-page\" data-elementor-id=\"327\" class=\"elementor elementor-327\">\n\t\t\t\t\t\t<section class=\"elementor-section elementor-top-section elementor-element elementor-element-2eeaee57 elementor-section-content-middle elementor-section-boxed elementor-section-height-default elementor-section-height-default\" data-id=\"2eeaee57\" data-element_type=\"section\" data-e-type=\"section\" data-settings=\"{&quot;background_background&quot;:&quot;classic&quot;}\">\n\t\t\t\t\t\t<div class=\"elementor-container elementor-column-gap-no\">\n\t\t\t\t\t<div class=\"elementor-column elementor-col-100 elementor-top-column elementor-element elementor-element-956745\" data-id=\"956745\" data-element_type=\"column\" data-e-type=\"column\">\n\t\t\t<div class=\"elementor-widget-wrap elementor-element-populated\">\n\t\t\t\t\t\t<section class=\"elementor-section elementor-inner-section elementor-element elementor-element-7ca70fa elementor-section-boxed elementor-section-height-default elementor-section-height-default\" data-id=\"7ca70fa\" data-element_type=\"section\" data-e-type=\"section\">\n\t\t\t\t\t\t<div class=\"elementor-container elementor-column-gap-default\">\n\t\t\t\t\t<div class=\"elementor-column elementor-col-100 elementor-inner-column elementor-element elementor-element-9898e36\" data-id=\"9898e36\" data-element_type=\"column\" data-e-type=\"column\">\n\t\t\t<div class=\"elementor-widget-wrap elementor-element-populated\">\n\t\t\t\t\t\t<div class=\"elementor-element elementor-element-68d823de elementor-widget elementor-widget-heading\" data-id=\"68d823de\" data-element_type=\"widget\" data-e-type=\"widget\" data-widget_type=\"heading.default\">\n\t\t\t\t<div class=\"elementor-widget-container\">\n\t\t\t\t\t<h1 class=\"elementor-heading-title elementor-size-default\">Veh\u00edculos a la carta!<\/h1>\t\t\t\t<\/div>\n\t\t\t\t<\/div>\n\t\t\t\t<div class=\"elementor-element elementor-element-8eedeba elementor-widget elementor-widget-text-editor\" data-id=\"8eedeba\" data-element_type=\"widget\" data-e-type=\"widget\" data-widget_type=\"text-editor.default\">\n\t\t\t\t<div class=\"elementor-widget-container\">\n\t\t\t\t\t\t\t\t\t<p class=\"text-align-left\">Veh\u00edculos por encargo, te buscamos el coche que nos pidas en las mejores condiciones.<\/p>\n<p class=\"text-align-left\">Nuestros veh\u00edculos pasan un proceso exhaustivo de reacondicionamiento que nos permite garantizar la calidad de los mismos al 100 %,\u00a0 todos ellos con libro de revisiones y kilometros certificados.<\/p>\n\n<h3 class=\"text-align-left\" style=\"color: white;\">Dinos lo que buscas a trav\u00e9s del formulario y nos pondremos en contacto contigo.<\/h3>\t\t\t\t\t\t\t\t<\/div>\n\t\t\t\t<\/div>\n\t\t\t\t\t<\/div>\n\t\t<\/div>\n\t\t\t\t\t<\/div>\n\t\t<\/section>\n\t\t\t\t\t<\/div>\n\t\t<\/div>\n\t\t\t\t\t<\/div>\n\t\t<\/section>\n\t\t\t\t<section class=\"elementor-section elementor-top-section elementor-element elementor-element-0c0af8d elementor-section-content-middle elementor-section-boxed elementor-section-height-default elementor-section-height-default\" data-id=\"0c0af8d\" data-element_type=\"section\" data-e-type=\"section\" data-settings=\"{&quot;background_background&quot;:&quot;classic&quot;}\">\n\t\t\t\t\t\t<div class=\"elementor-container elementor-column-gap-no\">\n\t\t\t\t\t<div class=\"elementor-column elementor-col-100 elementor-top-column elementor-element elementor-element-b1fdaab\" data-id=\"b1fdaab\" data-element_type=\"column\" data-e-type=\"column\">\n\t\t\t<div class=\"elementor-widget-wrap elementor-element-populated\">\n\t\t\t\t\t\t<div class=\"elementor-element elementor-element-50a57f5 elementor-button-align-stretch elementor-widget elementor-widget-form\" data-id=\"50a57f5\" data-element_type=\"widget\" data-e-type=\"widget\" data-settings=\"{&quot;step_next_label&quot;:&quot;Siguiente&quot;,&quot;step_previous_label&quot;:&quot;Anterior&quot;,&quot;step_type&quot;:&quot;none&quot;,&quot;button_width&quot;:&quot;100&quot;,&quot;step_icon_shape&quot;:&quot;circle&quot;}\" data-widget_type=\"form.default\">\n\t\t\t\t<div class=\"elementor-widget-container\">\n\t\t\t\t\t\t\t<form class=\"elementor-form\" method=\"post\" id=\"vehiculos_a_la_carta\" name=\"Vehiculo a medida\">\n\t\t\t<input type=\"hidden\" name=\"post_id\" value=\"327\"\/>\n\t\t\t<input type=\"hidden\" name=\"form_id\" value=\"50a57f5\"\/>\n\t\t\t<input type=\"hidden\" name=\"referer_title\" value=\"VRCARS\" \/>\n\n\t\t\t\n\t\t\t<div class=\"elementor-form-fields-wrapper elementor-labels-\">\n\t\t\t\t\t\t\t\t<div class=\"elementor-field-type-text elementor-field-group elementor-column elementor-field-group-name elementor-col-100 elementor-field-required\">\n\t\t\t\t\t\t\t\t\t\t\t\t<label for=\"form-field-name\" class=\"elementor-field-label elementor-screen-only\">\n\t\t\t\t\t\t\t\tNombre y Apellido\t\t\t\t\t\t\t<\/label>\n\t\t\t\t\t\t\t\t\t\t\t\t\t\t<input size=\"1\" type=\"text\" name=\"form_fields[name]\" id=\"form-field-name\" class=\"elementor-field elementor-size-sm  elementor-field-textual\" placeholder=\"Nombre y Apellido\" required=\"required\" aria-required=\"true\">\n\t\t\t\t\t\t\t\t\t\t\t<\/div>\n\t\t\t\t\t\t\t\t<div class=\"elementor-field-type-text elementor-field-group elementor-column elementor-field-group-email elementor-col-50 elementor-field-required\">\n\t\t\t\t\t\t\t\t\t\t\t\t<label for=\"form-field-email\" class=\"elementor-field-label elementor-screen-only\">\n\t\t\t\t\t\t\t\tTel\u00e9fono de contacto\t\t\t\t\t\t\t<\/label>\n\t\t\t\t\t\t\t\t\t\t\t\t\t\t<input size=\"1\" type=\"text\" name=\"form_fields[email]\" id=\"form-field-email\" class=\"elementor-field elementor-size-sm  elementor-field-textual\" placeholder=\"Tel\u00e9fono de contacto\" required=\"required\" aria-required=\"true\">\n\t\t\t\t\t\t\t\t\t\t\t<\/div>\n\t\t\t\t\t\t\t\t<div class=\"elementor-field-type-email elementor-field-group elementor-column elementor-field-group-field_a52773c elementor-col-50 elementor-field-required\">\n\t\t\t\t\t\t\t\t\t\t\t\t<label for=\"form-field-field_a52773c\" class=\"elementor-field-label elementor-screen-only\">\n\t\t\t\t\t\t\t\tEmail\t\t\t\t\t\t\t<\/label>\n\t\t\t\t\t\t\t\t\t\t\t\t\t\t<input size=\"1\" type=\"email\" name=\"form_fields[field_a52773c]\" id=\"form-field-field_a52773c\" class=\"elementor-field elementor-size-sm  elementor-field-textual\" placeholder=\"Email\" required=\"required\" aria-required=\"true\">\n\t\t\t\t\t\t\t\t\t\t\t<\/div>\n\t\t\t\t\t\t\t\t<div class=\"elementor-field-type-text elementor-field-group elementor-column elementor-field-group-field_c5f4725 elementor-col-100 elementor-field-required\">\n\t\t\t\t\t\t\t\t\t\t\t\t<label for=\"form-field-field_c5f4725\" class=\"elementor-field-label elementor-screen-only\">\n\t\t\t\t\t\t\t\tModelo de veh\u00edculo\t\t\t\t\t\t\t<\/label>\n\t\t\t\t\t\t\t\t\t\t\t\t\t\t<input size=\"1\" type=\"text\" name=\"form_fields[field_c5f4725]\" id=\"form-field-field_c5f4725\" class=\"elementor-field elementor-size-sm  elementor-field-textual\" placeholder=\"Modelo de veh\u00edculo\" required=\"required\" aria-required=\"true\">\n\t\t\t\t\t\t\t\t\t\t\t<\/div>\n\t\t\t\t\t\t\t\t<div class=\"elementor-field-type-textarea elementor-field-group elementor-column elementor-field-group-field_6f9d347 elementor-col-100 elementor-field-required\">\n\t\t\t\t\t\t\t\t\t\t\t\t<label for=\"form-field-field_6f9d347\" class=\"elementor-field-label elementor-screen-only\">\n\t\t\t\t\t\t\t\tCaracter\u00edsticas veh\u00edculo\t\t\t\t\t\t\t<\/label>\n\t\t\t\t\t\t<textarea class=\"elementor-field-textual elementor-field  elementor-size-sm\" name=\"form_fields[field_6f9d347]\" id=\"form-field-field_6f9d347\" rows=\"4\" placeholder=\"Caracter\u00edsticas veh\u00edculo\" required=\"required\" aria-required=\"true\"><\/textarea>\t\t\t\t<\/div>\n\t\t\t\t\t\t\t\t<div class=\"elementor-field-type-acceptance elementor-field-group elementor-column elementor-field-group-message elementor-col-100 elementor-field-required\">\n\t\t\t\t\t\t\t\t\t\t\t\t<label for=\"form-field-message\" class=\"elementor-field-label elementor-screen-only\">\n\t\t\t\t\t\t\t\tHe le\u00eddo y acepto la pol\u00edtica de privacidad\t\t\t\t\t\t\t<\/label>\n\t\t\t\t\t\t\t\t<div class=\"elementor-field-subgroup\">\n\t\t\t<span class=\"elementor-field-option\">\n\t\t\t\t<input type=\"checkbox\" name=\"form_fields[message]\" id=\"form-field-message\" class=\"elementor-field elementor-size-sm  elementor-acceptance-field\" required=\"required\" aria-required=\"true\" checked=\"checked\">\n\t\t\t\t<label for=\"form-field-message\">He le\u00eddo y acepto la pol\u00edtica de privacidad<\/label>\t\t\t<\/span>\n\t\t<\/div>\n\t\t\t\t\t\t<\/div>\n\t\t\t\t\t\t\t\t<div class=\"elementor-field-group elementor-column elementor-field-type-submit elementor-col-100 e-form__buttons\">\n\t\t\t\t\t<button type=\"submit\" class=\"elementor-button elementor-size-sm elementor-animation-grow\">\n\t\t\t\t\t\t<span >\n\t\t\t\t\t\t\t\t\t\t\t\t\t\t\t<span class=\" elementor-button-icon\">\n\t\t\t\t\t\t\t\t\t\t\t\t\t\t\t\t\t\t\t\t\t\t\t\t\t\t<\/span>\n\t\t\t\t\t\t\t\t\t\t\t\t\t\t\t\t\t\t\t\t\t\t<span class=\"elementor-button-text\">Enviar<\/span>\n\t\t\t\t\t\t\t\t\t\t\t\t\t<\/span>\n\t\t\t\t\t<\/button>\n\t\t\t\t<\/div>\n\t\t\t<\/div>\n\t\t<\/form>\n\t\t\t\t\t\t<\/div>\n\t\t\t\t<\/div>\n\t\t\t\t\t<\/div>\n\t\t<\/div>\n\t\t\t\t\t<\/div>\n\t\t<\/section>\n\t\t\t\t<\/div>\n\t\t","protected":false},"excerpt":{"rendered":"<p>Veh\u00edculos a la carta! Veh\u00edculos por encargo, te buscamos el coche que nos pidas en las mejores condiciones. Nuestros veh\u00edculos pasan un proceso exhaustivo de reacondicionamiento que nos permite garantizar la calidad de los mismos al 100 %,\u00a0 todos ellos con libro de revisiones y kilometros certificados. Dinos lo que buscas a trav\u00e9s del formulario [&hellip;]<\/p>\n","protected":false},"author":1,"featured_media":0,"parent":0,"menu_order":0,"comment_status":"closed","ping_status":"closed","template":"","meta":{"_themeisle_gutenberg_block_has_review":false,"footnotes":""},"class_list":["post-327","page","type-page","status-publish","hentry"],"yoast_head":"<!-- This site is optimized with the Yoast SEO plugin v27.5 - https:\/\/yoast.com\/product\/yoast-seo-wordpress\/ -->\n<title>A la carta - VRCARS<\/title>\n<meta name=\"robots\" content=\"noindex, follow, max-snippet:-1, max-image-preview:large, max-video-preview:-1\" \/>\n<meta property=\"og:locale\" content=\"es_ES\" \/>\n<meta property=\"og:type\" content=\"article\" \/>\n<meta property=\"og:title\" content=\"A la carta - VRCARS\" \/>\n<meta property=\"og:description\" content=\"Veh\u00edculos a la carta! Veh\u00edculos por encargo, te buscamos el coche que nos pidas en las mejores condiciones. Nuestros veh\u00edculos pasan un proceso exhaustivo de reacondicionamiento que nos permite garantizar la calidad de los mismos al 100 %,\u00a0 todos ellos con libro de revisiones y kilometros certificados. Dinos lo que buscas a trav\u00e9s del formulario [&hellip;]\" \/>\n<meta property=\"og:url\" content=\"https:\/\/vrcars.es\/es_es\/a-la-carta\/\" \/>\n<meta property=\"og:site_name\" content=\"VRCARS\" \/>\n<meta property=\"article:publisher\" content=\"https:\/\/www.facebook.com\/vrcarsimport\" \/>\n<meta property=\"article:modified_time\" content=\"2023-06-09T09:46:28+00:00\" \/>\n<meta name=\"twitter:card\" content=\"summary_large_image\" \/>\n<script type=\"application\/ld+json\" class=\"yoast-schema-graph\">{\"@context\":\"https:\\\/\\\/schema.org\",\"@graph\":[{\"@type\":\"WebPage\",\"@id\":\"https:\\\/\\\/vrcars.es\\\/es_es\\\/a-la-carta\\\/\",\"url\":\"https:\\\/\\\/vrcars.es\\\/es_es\\\/a-la-carta\\\/\",\"name\":\"A la carta - VRCARS\",\"isPartOf\":{\"@id\":\"https:\\\/\\\/vrcars.es\\\/es_es\\\/#website\"},\"datePublished\":\"2023-06-05T12:04:08+00:00\",\"dateModified\":\"2023-06-09T09:46:28+00:00\",\"breadcrumb\":{\"@id\":\"https:\\\/\\\/vrcars.es\\\/es_es\\\/a-la-carta\\\/#breadcrumb\"},\"inLanguage\":\"es\",\"potentialAction\":[{\"@type\":\"ReadAction\",\"target\":[\"https:\\\/\\\/vrcars.es\\\/es_es\\\/a-la-carta\\\/\"]}]},{\"@type\":\"BreadcrumbList\",\"@id\":\"https:\\\/\\\/vrcars.es\\\/es_es\\\/a-la-carta\\\/#breadcrumb\",\"itemListElement\":[{\"@type\":\"ListItem\",\"position\":1,\"name\":\"Portada\",\"item\":\"https:\\\/\\\/vrcars.es\\\/\"},{\"@type\":\"ListItem\",\"position\":2,\"name\":\"A la carta\"}]},{\"@type\":\"WebSite\",\"@id\":\"https:\\\/\\\/vrcars.es\\\/es_es\\\/#website\",\"url\":\"https:\\\/\\\/vrcars.es\\\/es_es\\\/\",\"name\":\"VRCARS\",\"description\":\"VRCARS\",\"publisher\":{\"@id\":\"https:\\\/\\\/vrcars.es\\\/es_es\\\/#organization\"},\"potentialAction\":[{\"@type\":\"SearchAction\",\"target\":{\"@type\":\"EntryPoint\",\"urlTemplate\":\"https:\\\/\\\/vrcars.es\\\/es_es\\\/?s={search_term_string}\"},\"query-input\":{\"@type\":\"PropertyValueSpecification\",\"valueRequired\":true,\"valueName\":\"search_term_string\"}}],\"inLanguage\":\"es\"},{\"@type\":\"Organization\",\"@id\":\"https:\\\/\\\/vrcars.es\\\/es_es\\\/#organization\",\"name\":\"VRCARS\",\"url\":\"https:\\\/\\\/vrcars.es\\\/es_es\\\/\",\"logo\":{\"@type\":\"ImageObject\",\"inLanguage\":\"es\",\"@id\":\"https:\\\/\\\/vrcars.es\\\/es_es\\\/#\\\/schema\\\/logo\\\/image\\\/\",\"url\":\"https:\\\/\\\/vrcars.es\\\/wp-content\\\/uploads\\\/2023\\\/05\\\/VRCars-logo-neg.png\",\"contentUrl\":\"https:\\\/\\\/vrcars.es\\\/wp-content\\\/uploads\\\/2023\\\/05\\\/VRCars-logo-neg.png\",\"width\":1103,\"height\":1231,\"caption\":\"VRCARS\"},\"image\":{\"@id\":\"https:\\\/\\\/vrcars.es\\\/es_es\\\/#\\\/schema\\\/logo\\\/image\\\/\"},\"sameAs\":[\"https:\\\/\\\/www.facebook.com\\\/vrcarsimport\",\"https:\\\/\\\/www.instagram.com\\\/vrcars.es\\\/\"]}]}<\/script>\n<!-- \/ Yoast SEO plugin. -->","yoast_head_json":{"title":"A la carta - VRCARS","robots":{"index":"noindex","follow":"follow","max-snippet":"max-snippet:-1","max-image-preview":"max-image-preview:large","max-video-preview":"max-video-preview:-1"},"og_locale":"es_ES","og_type":"article","og_title":"A la carta - VRCARS","og_description":"Veh\u00edculos a la carta! Veh\u00edculos por encargo, te buscamos el coche que nos pidas en las mejores condiciones. Nuestros veh\u00edculos pasan un proceso exhaustivo de reacondicionamiento que nos permite garantizar la calidad de los mismos al 100 %,\u00a0 todos ellos con libro de revisiones y kilometros certificados. Dinos lo que buscas a trav\u00e9s del formulario [&hellip;]","og_url":"https:\/\/vrcars.es\/es_es\/a-la-carta\/","og_site_name":"VRCARS","article_publisher":"https:\/\/www.facebook.com\/vrcarsimport","article_modified_time":"2023-06-09T09:46:28+00:00","twitter_card":"summary_large_image","schema":{"@context":"https:\/\/schema.org","@graph":[{"@type":"WebPage","@id":"https:\/\/vrcars.es\/es_es\/a-la-carta\/","url":"https:\/\/vrcars.es\/es_es\/a-la-carta\/","name":"A la carta - VRCARS","isPartOf":{"@id":"https:\/\/vrcars.es\/es_es\/#website"},"datePublished":"2023-06-05T12:04:08+00:00","dateModified":"2023-06-09T09:46:28+00:00","breadcrumb":{"@id":"https:\/\/vrcars.es\/es_es\/a-la-carta\/#breadcrumb"},"inLanguage":"es","potentialAction":[{"@type":"ReadAction","target":["https:\/\/vrcars.es\/es_es\/a-la-carta\/"]}]},{"@type":"BreadcrumbList","@id":"https:\/\/vrcars.es\/es_es\/a-la-carta\/#breadcrumb","itemListElement":[{"@type":"ListItem","position":1,"name":"Portada","item":"https:\/\/vrcars.es\/"},{"@type":"ListItem","position":2,"name":"A la carta"}]},{"@type":"WebSite","@id":"https:\/\/vrcars.es\/es_es\/#website","url":"https:\/\/vrcars.es\/es_es\/","name":"VRCARS","description":"VRCARS","publisher":{"@id":"https:\/\/vrcars.es\/es_es\/#organization"},"potentialAction":[{"@type":"SearchAction","target":{"@type":"EntryPoint","urlTemplate":"https:\/\/vrcars.es\/es_es\/?s={search_term_string}"},"query-input":{"@type":"PropertyValueSpecification","valueRequired":true,"valueName":"search_term_string"}}],"inLanguage":"es"},{"@type":"Organization","@id":"https:\/\/vrcars.es\/es_es\/#organization","name":"VRCARS","url":"https:\/\/vrcars.es\/es_es\/","logo":{"@type":"ImageObject","inLanguage":"es","@id":"https:\/\/vrcars.es\/es_es\/#\/schema\/logo\/image\/","url":"https:\/\/vrcars.es\/wp-content\/uploads\/2023\/05\/VRCars-logo-neg.png","contentUrl":"https:\/\/vrcars.es\/wp-content\/uploads\/2023\/05\/VRCars-logo-neg.png","width":1103,"height":1231,"caption":"VRCARS"},"image":{"@id":"https:\/\/vrcars.es\/es_es\/#\/schema\/logo\/image\/"},"sameAs":["https:\/\/www.facebook.com\/vrcarsimport","https:\/\/www.instagram.com\/vrcars.es\/"]}]}},"_links":{"self":[{"href":"https:\/\/vrcars.es\/es_es\/wp-json\/wp\/v2\/pages\/327","targetHints":{"allow":["GET"]}}],"collection":[{"href":"https:\/\/vrcars.es\/es_es\/wp-json\/wp\/v2\/pages"}],"about":[{"href":"https:\/\/vrcars.es\/es_es\/wp-json\/wp\/v2\/types\/page"}],"author":[{"embeddable":true,"href":"https:\/\/vrcars.es\/es_es\/wp-json\/wp\/v2\/users\/1"}],"replies":[{"embeddable":true,"href":"https:\/\/vrcars.es\/es_es\/wp-json\/wp\/v2\/comments?post=327"}],"version-history":[{"count":67,"href":"https:\/\/vrcars.es\/es_es\/wp-json\/wp\/v2\/pages\/327\/revisions"}],"predecessor-version":[{"id":577,"href":"https:\/\/vrcars.es\/es_es\/wp-json\/wp\/v2\/pages\/327\/revisions\/577"}],"wp:attachment":[{"href":"https:\/\/vrcars.es\/es_es\/wp-json\/wp\/v2\/media?parent=327"}],"curies":[{"name":"wp","href":"https:\/\/api.w.org\/{rel}","templated":true}]}}