{"id":276,"date":"2023-06-05T10:41:43","date_gmt":"2023-06-05T10:41:43","guid":{"rendered":"https:\/\/vrcars.es\/?page_id=276"},"modified":"2023-06-15T09:28:18","modified_gmt":"2023-06-15T09:28:18","slug":"stock","status":"publish","type":"page","link":"https:\/\/vrcars.es\/stock\/","title":{"rendered":"Stock"},"content":{"rendered":"<div data-elementor-type=\"wp-page\" data-elementor-id=\"276\" class=\"elementor elementor-276\">\n\t\t\t\t\t\t<section class=\"elementor-section elementor-top-section elementor-element elementor-element-a4c76af elementor-section-boxed elementor-section-height-default elementor-section-height-default\" data-id=\"a4c76af\" data-element_type=\"section\" data-e-type=\"section\" data-settings=\"{&quot;background_background&quot;:&quot;classic&quot;}\">\n\t\t\t\t\t\t\t<div class=\"elementor-background-overlay\"><\/div>\n\t\t\t\t\t\t\t<div class=\"elementor-container elementor-column-gap-default\">\n\t\t\t\t\t<div class=\"elementor-column elementor-col-100 elementor-top-column elementor-element elementor-element-306f1ea9\" data-id=\"306f1ea9\" data-element_type=\"column\" data-e-type=\"column\">\n\t\t\t<div class=\"elementor-widget-wrap elementor-element-populated\">\n\t\t\t\t\t\t<div class=\"elementor-element elementor-element-7c7bc510 elementor-invisible elementor-widget elementor-widget-heading\" data-id=\"7c7bc510\" data-element_type=\"widget\" data-e-type=\"widget\" data-settings=\"{&quot;_animation&quot;:&quot;fadeInUp&quot;}\" data-widget_type=\"heading.default\">\n\t\t\t\t<div class=\"elementor-widget-container\">\n\t\t\t\t\t<h1 class=\"elementor-heading-title elementor-size-default\">Coches en stock<\/h1>\t\t\t\t<\/div>\n\t\t\t\t<\/div>\n\t\t\t\t\t<\/div>\n\t\t<\/div>\n\t\t\t\t\t<\/div>\n\t\t<\/section>\n\t\t<div class=\"elementor-element elementor-element-806994e e-flex e-con-boxed e-con e-parent\" data-id=\"806994e\" data-element_type=\"container\" data-e-type=\"container\" data-settings=\"{&quot;background_background&quot;:&quot;classic&quot;}\">\n\t\t\t\t\t<div class=\"e-con-inner\">\n\t\t<div class=\"elementor-element elementor-element-61c0961 e-con-full e-flex e-con e-child\" data-id=\"61c0961\" data-element_type=\"container\" data-e-type=\"container\">\n\t\t\t\t<div class=\"elementor-element elementor-element-f680a02 elementor-invisible elementor-widget elementor-widget-text-editor\" data-id=\"f680a02\" data-element_type=\"widget\" data-e-type=\"widget\" data-settings=\"{&quot;_animation&quot;:&quot;fadeInUp&quot;}\" data-widget_type=\"text-editor.default\">\n\t\t\t\t<div class=\"elementor-widget-container\">\n\t\t\t\t\t\t\t\t\t<p>STOCK<\/p>\t\t\t\t\t\t\t\t<\/div>\n\t\t\t\t<\/div>\n\t\t\t\t<div class=\"elementor-element elementor-element-7ac3dbd elementor-invisible elementor-widget elementor-widget-heading\" data-id=\"7ac3dbd\" data-element_type=\"widget\" data-e-type=\"widget\" data-settings=\"{&quot;_animation&quot;:&quot;fadeInUp&quot;,&quot;_animation_delay&quot;:200}\" data-widget_type=\"heading.default\">\n\t\t\t\t<div class=\"elementor-widget-container\">\n\t\t\t\t\t<h2 class=\"elementor-heading-title elementor-size-default\">Os mellores coches para ti<\/h2>\t\t\t\t<\/div>\n\t\t\t\t<\/div>\n\t\t\t\t<div class=\"elementor-element elementor-element-afc1804 elementor-invisible elementor-widget elementor-widget-text-editor\" data-id=\"afc1804\" data-element_type=\"widget\" data-e-type=\"widget\" data-settings=\"{&quot;_animation&quot;:&quot;fadeInUp&quot;,&quot;_animation_delay&quot;:400}\" data-widget_type=\"text-editor.default\">\n\t\t\t\t<div class=\"elementor-widget-container\">\n\t\t\t\t\t\t\t\t\t<p>Nos encargamos de seleccionar los mejores veh\u00edculos para agregar a nuestro cat\u00e1logo y adem\u00e1s, te damos la posibilidad de buscarte tu coche a la carta.<\/p>\t\t\t\t\t\t\t\t<\/div>\n\t\t\t\t<\/div>\n\t\t<div class=\"elementor-element elementor-element-6c42577 e-con-full e-flex e-con e-child\" data-id=\"6c42577\" data-element_type=\"container\" data-e-type=\"container\">\n\t\t\t\t<div class=\"elementor-element elementor-element-11515bf elementor-widget elementor-widget-jet-listing-grid\" data-id=\"11515bf\" data-element_type=\"widget\" data-e-type=\"widget\" data-settings=\"{&quot;columns&quot;:3,&quot;columns_tablet&quot;:&quot;2&quot;,&quot;columns_mobile&quot;:&quot;1&quot;}\" data-widget_type=\"jet-listing-grid.default\">\n\t\t\t\t<div class=\"elementor-widget-container\">\n\t\t\t\t\t<div class=\"jet-listing-grid jet-listing-grid--lazy-load jet-listing jet-listing-grid-loading\" data-lazy-load=\"{&quot;offset&quot;:&quot;0px&quot;,&quot;post_id&quot;:276,&quot;queried_id&quot;:&quot;276|WP_Post&quot;}\"><div class=\"jet-listing-grid__loader\"><div class=\"jet-listing-grid__loader-spinner\"><\/div><\/div><\/div>\t\t\t\t<\/div>\n\t\t\t\t<\/div>\n\t\t\t\t<\/div>\n\t\t\t\t<\/div>\n\t\t\t\t\t<\/div>\n\t\t\t\t<\/div>\n\t\t\t\t<section class=\"elementor-section elementor-top-section elementor-element elementor-element-460a6c29 elementor-section-boxed elementor-section-height-default elementor-section-height-default\" data-id=\"460a6c29\" data-element_type=\"section\" data-e-type=\"section\" data-settings=\"{&quot;background_background&quot;:&quot;classic&quot;}\">\n\t\t\t\t\t\t\t<div class=\"elementor-background-overlay\"><\/div>\n\t\t\t\t\t\t\t<div class=\"elementor-container elementor-column-gap-default\">\n\t\t\t\t\t<div class=\"elementor-column elementor-col-100 elementor-top-column elementor-element elementor-element-74c685f9\" data-id=\"74c685f9\" data-element_type=\"column\" data-e-type=\"column\">\n\t\t\t<div class=\"elementor-widget-wrap elementor-element-populated\">\n\t\t\t\t\t\t<div class=\"elementor-element elementor-element-65cbf152 elementor-invisible elementor-widget elementor-widget-text-editor\" data-id=\"65cbf152\" data-element_type=\"widget\" data-e-type=\"widget\" data-settings=\"{&quot;_animation&quot;:&quot;fadeInUp&quot;}\" data-widget_type=\"text-editor.default\">\n\t\t\t\t<div class=\"elementor-widget-container\">\n\t\t\t\t\t\t\t\t\t<p>HOW IT WORKS<\/p>\t\t\t\t\t\t\t\t<\/div>\n\t\t\t\t<\/div>\n\t\t\t\t<div class=\"elementor-element elementor-element-3f4c3431 elementor-invisible elementor-widget elementor-widget-heading\" data-id=\"3f4c3431\" data-element_type=\"widget\" data-e-type=\"widget\" data-settings=\"{&quot;_animation&quot;:&quot;fadeInUp&quot;,&quot;_animation_delay&quot;:200}\" data-widget_type=\"heading.default\">\n\t\t\t\t<div class=\"elementor-widget-container\">\n\t\t\t\t\t<h2 class=\"elementor-heading-title elementor-size-default\">O coche dos teus so\u00f1os en 3 pasos<\/h2>\t\t\t\t<\/div>\n\t\t\t\t<\/div>\n\t\t\t\t<div class=\"elementor-element elementor-element-1d7e46d9 elementor-invisible elementor-widget elementor-widget-text-editor\" data-id=\"1d7e46d9\" data-element_type=\"widget\" data-e-type=\"widget\" data-settings=\"{&quot;_animation&quot;:&quot;fadeInUp&quot;,&quot;_animation_delay&quot;:400}\" data-widget_type=\"text-editor.default\">\n\t\t\t\t<div class=\"elementor-widget-container\">\n\t\t\t\t\t\t\t\t\tNos comprometemos a ofrecer el mejor servicio durante todo el proceso para garantizar la satisfacci\u00f3n de nuestros clientes.\t\t\t\t\t\t\t\t<\/div>\n\t\t\t\t<\/div>\n\t\t\t\t<section class=\"elementor-section elementor-inner-section elementor-element elementor-element-5a1f09ea elementor-section-full_width elementor-section-height-default elementor-section-height-default\" data-id=\"5a1f09ea\" data-element_type=\"section\" data-e-type=\"section\">\n\t\t\t\t\t\t<div class=\"elementor-container elementor-column-gap-default\">\n\t\t\t\t\t<div class=\"elementor-column elementor-col-33 elementor-inner-column elementor-element elementor-element-70b1f16a elementor-invisible\" data-id=\"70b1f16a\" data-element_type=\"column\" data-e-type=\"column\" data-settings=\"{&quot;animation&quot;:&quot;fadeIn&quot;,&quot;animation_delay&quot;:400,&quot;background_background&quot;:&quot;classic&quot;}\">\n\t\t\t<div class=\"elementor-widget-wrap elementor-element-populated\">\n\t\t\t\t\t\t<div class=\"elementor-element elementor-element-cdf6d3e elementor-widget elementor-widget-heading\" data-id=\"cdf6d3e\" data-element_type=\"widget\" data-e-type=\"widget\" data-widget_type=\"heading.default\">\n\t\t\t\t<div class=\"elementor-widget-container\">\n\t\t\t\t\t<span class=\"elementor-heading-title elementor-size-default\">1<\/span>\t\t\t\t<\/div>\n\t\t\t\t<\/div>\n\t\t\t\t<div class=\"elementor-element elementor-element-68afb6c elementor-widget elementor-widget-heading\" data-id=\"68afb6c\" data-element_type=\"widget\" data-e-type=\"widget\" data-widget_type=\"heading.default\">\n\t\t\t\t<div class=\"elementor-widget-container\">\n\t\t\t\t\t<h3 class=\"elementor-heading-title elementor-size-default\">Escolle o teu coche ideal<\/h3>\t\t\t\t<\/div>\n\t\t\t\t<\/div>\n\t\t\t\t<div class=\"elementor-element elementor-element-63736e50 elementor-widget elementor-widget-text-editor\" data-id=\"63736e50\" data-element_type=\"widget\" data-e-type=\"widget\" data-widget_type=\"text-editor.default\">\n\t\t\t\t<div class=\"elementor-widget-container\">\n\t\t\t\t\t\t\t\t\t<p>Busca en nuestro cat\u00e1logo de veh\u00edculos en stock o solic\u00edtanos tu coche a la carta. Nosotros nos encargamos de todo.<\/p>\t\t\t\t\t\t\t\t<\/div>\n\t\t\t\t<\/div>\n\t\t\t\t<div class=\"elementor-element elementor-element-87fdd26 elementor-align-center elementor-widget elementor-widget-button\" data-id=\"87fdd26\" data-element_type=\"widget\" data-e-type=\"widget\" data-widget_type=\"button.default\">\n\t\t\t\t<div class=\"elementor-widget-container\">\n\t\t\t\t\t\t\t\t\t<div class=\"elementor-button-wrapper\">\n\t\t\t\t\t<a class=\"elementor-button elementor-button-link elementor-size-sm elementor-animation-grow\" href=\"\/gl\/a-la-carta\/\">\n\t\t\t\t\t\t<span class=\"elementor-button-content-wrapper\">\n\t\t\t\t\t\t\t\t\t<span class=\"elementor-button-text\">\u00c1 carta<\/span>\n\t\t\t\t\t<\/span>\n\t\t\t\t\t<\/a>\n\t\t\t\t<\/div>\n\t\t\t\t\t\t\t\t<\/div>\n\t\t\t\t<\/div>\n\t\t\t\t\t<\/div>\n\t\t<\/div>\n\t\t\t\t<div class=\"elementor-column elementor-col-33 elementor-inner-column elementor-element elementor-element-51852044 elementor-invisible\" data-id=\"51852044\" data-element_type=\"column\" data-e-type=\"column\" data-settings=\"{&quot;background_background&quot;:&quot;classic&quot;,&quot;animation&quot;:&quot;fadeIn&quot;,&quot;animation_delay&quot;:600}\">\n\t\t\t<div class=\"elementor-widget-wrap elementor-element-populated\">\n\t\t\t\t\t\t<div class=\"elementor-element elementor-element-3bfbcfc elementor-widget elementor-widget-heading\" data-id=\"3bfbcfc\" data-element_type=\"widget\" data-e-type=\"widget\" data-widget_type=\"heading.default\">\n\t\t\t\t<div class=\"elementor-widget-container\">\n\t\t\t\t\t<span class=\"elementor-heading-title elementor-size-default\">2<\/span>\t\t\t\t<\/div>\n\t\t\t\t<\/div>\n\t\t\t\t<div class=\"elementor-element elementor-element-7a4d2e18 elementor-widget elementor-widget-heading\" data-id=\"7a4d2e18\" data-element_type=\"widget\" data-e-type=\"widget\" data-widget_type=\"heading.default\">\n\t\t\t\t<div class=\"elementor-widget-container\">\n\t\t\t\t\t<h3 class=\"elementor-heading-title elementor-size-default\">Reserva unha cita<\/h3>\t\t\t\t<\/div>\n\t\t\t\t<\/div>\n\t\t\t\t<div class=\"elementor-element elementor-element-668a1154 elementor-widget elementor-widget-text-editor\" data-id=\"668a1154\" data-element_type=\"widget\" data-e-type=\"widget\" data-widget_type=\"text-editor.default\">\n\t\t\t\t<div class=\"elementor-widget-container\">\n\t\t\t\t\t\t\t\t\t<p>Reserva tu cita con nosotros y te asesoraremos para garantizar que encuentres un coche a tu medida.<\/p>\t\t\t\t\t\t\t\t<\/div>\n\t\t\t\t<\/div>\n\t\t\t\t<div class=\"elementor-element elementor-element-3a54673 elementor-align-center elementor-widget elementor-widget-button\" data-id=\"3a54673\" data-element_type=\"widget\" data-e-type=\"widget\" data-widget_type=\"button.default\">\n\t\t\t\t<div class=\"elementor-widget-container\">\n\t\t\t\t\t\t\t\t\t<div class=\"elementor-button-wrapper\">\n\t\t\t\t\t<a class=\"elementor-button elementor-button-link elementor-size-sm elementor-animation-grow\" href=\"\/gl\/stock\/\">\n\t\t\t\t\t\t<span class=\"elementor-button-content-wrapper\">\n\t\t\t\t\t\t\t\t\t<span class=\"elementor-button-text\">Pedir cita<\/span>\n\t\t\t\t\t<\/span>\n\t\t\t\t\t<\/a>\n\t\t\t\t<\/div>\n\t\t\t\t\t\t\t\t<\/div>\n\t\t\t\t<\/div>\n\t\t\t\t\t<\/div>\n\t\t<\/div>\n\t\t\t\t<div class=\"elementor-column elementor-col-33 elementor-inner-column elementor-element elementor-element-5376fe35 elementor-invisible\" data-id=\"5376fe35\" data-element_type=\"column\" data-e-type=\"column\" data-settings=\"{&quot;animation&quot;:&quot;fadeIn&quot;,&quot;animation_delay&quot;:800,&quot;background_background&quot;:&quot;classic&quot;}\">\n\t\t\t<div class=\"elementor-widget-wrap elementor-element-populated\">\n\t\t\t\t\t\t<div class=\"elementor-element elementor-element-ee40075 elementor-widget elementor-widget-heading\" data-id=\"ee40075\" data-element_type=\"widget\" data-e-type=\"widget\" data-widget_type=\"heading.default\">\n\t\t\t\t<div class=\"elementor-widget-container\">\n\t\t\t\t\t<span class=\"elementor-heading-title elementor-size-default\">3<\/span>\t\t\t\t<\/div>\n\t\t\t\t<\/div>\n\t\t\t\t<div class=\"elementor-element elementor-element-262a28f0 elementor-widget elementor-widget-heading\" data-id=\"262a28f0\" data-element_type=\"widget\" data-e-type=\"widget\" data-widget_type=\"heading.default\">\n\t\t\t\t<div class=\"elementor-widget-container\">\n\t\t\t\t\t<h3 class=\"elementor-heading-title elementor-size-default\">Xa \u00e9 teu!<\/h3>\t\t\t\t<\/div>\n\t\t\t\t<\/div>\n\t\t\t\t<div class=\"elementor-element elementor-element-32bba709 elementor-widget elementor-widget-text-editor\" data-id=\"32bba709\" data-element_type=\"widget\" data-e-type=\"widget\" data-widget_type=\"text-editor.default\">\n\t\t\t\t<div class=\"elementor-widget-container\">\n\t\t\t\t\t\t\t\t\t<p>Te ofrecemos garant\u00eda de un a\u00f1o, el mejor mantenimiento y financiaci\u00f3n adaptada a ti para que solo te preocupes de disfrutar de tu nuevo coche.<\/p>\t\t\t\t\t\t\t\t<\/div>\n\t\t\t\t<\/div>\n\t\t\t\t\t<\/div>\n\t\t<\/div>\n\t\t\t\t\t<\/div>\n\t\t<\/section>\n\t\t\t\t\t<\/div>\n\t\t<\/div>\n\t\t\t\t\t<\/div>\n\t\t<\/section>\n\t\t\t\t<\/div>","protected":false},"excerpt":{"rendered":"<p>Coches en stock STOCK Los mejores coches para ti Nos encargamos de seleccionar los mejores veh\u00edculos para agregar a nuestro cat\u00e1logo y adem\u00e1s, te damos la posibilidad de buscarte tu coche a la carta. HOW IT WORKS El coche de tus sue\u00f1os en 3 pasos Nos comprometemos a ofrecer el mejor servicio durante todo el [&hellip;]<\/p>\n","protected":false},"author":1,"featured_media":0,"parent":0,"menu_order":0,"comment_status":"closed","ping_status":"closed","template":"","meta":{"_themeisle_gutenberg_block_has_review":false,"footnotes":""},"class_list":["post-276","page","type-page","status-publish","hentry"],"yoast_head":"<!-- This site is optimized with the Yoast SEO plugin v27.5 - https:\/\/yoast.com\/product\/yoast-seo-wordpress\/ -->\n<title>Stock - VRCARS<\/title>\n<meta name=\"robots\" content=\"noindex, follow, max-snippet:-1, max-image-preview:large, max-video-preview:-1\" \/>\n<meta property=\"og:locale\" content=\"gl_ES\" \/>\n<meta property=\"og:type\" content=\"article\" \/>\n<meta property=\"og:title\" content=\"Stock - VRCARS\" \/>\n<meta property=\"og:description\" content=\"Coches en stock STOCK Los mejores coches para ti Nos encargamos de seleccionar los mejores veh\u00edculos para agregar a nuestro cat\u00e1logo y adem\u00e1s, te damos la posibilidad de buscarte tu coche a la carta. HOW IT WORKS El coche de tus sue\u00f1os en 3 pasos Nos comprometemos a ofrecer el mejor servicio durante todo el [&hellip;]\" \/>\n<meta property=\"og:url\" content=\"https:\/\/vrcars.es\/gl\/stock\/\" \/>\n<meta property=\"og:site_name\" content=\"VRCARS\" \/>\n<meta property=\"article:publisher\" content=\"https:\/\/www.facebook.com\/vrcarsimport\" \/>\n<meta property=\"article:modified_time\" content=\"2023-06-15T09:28:18+00:00\" \/>\n<meta name=\"twitter:card\" content=\"summary_large_image\" \/>\n<meta name=\"twitter:label1\" content=\"Tempo de lectura\" \/>\n\t<meta name=\"twitter:data1\" content=\"1 minuto\" \/>\n<script type=\"application\/ld+json\" class=\"yoast-schema-graph\">{\"@context\":\"https:\\\/\\\/schema.org\",\"@graph\":[{\"@type\":\"WebPage\",\"@id\":\"https:\\\/\\\/vrcars.es\\\/stock\\\/\",\"url\":\"https:\\\/\\\/vrcars.es\\\/stock\\\/\",\"name\":\"Stock - VRCARS\",\"isPartOf\":{\"@id\":\"https:\\\/\\\/vrcars.es\\\/gl\\\/#website\"},\"datePublished\":\"2023-06-05T10:41:43+00:00\",\"dateModified\":\"2023-06-15T09:28:18+00:00\",\"breadcrumb\":{\"@id\":\"https:\\\/\\\/vrcars.es\\\/stock\\\/#breadcrumb\"},\"inLanguage\":\"gl-ES\",\"potentialAction\":[{\"@type\":\"ReadAction\",\"target\":[\"https:\\\/\\\/vrcars.es\\\/stock\\\/\"]}]},{\"@type\":\"BreadcrumbList\",\"@id\":\"https:\\\/\\\/vrcars.es\\\/stock\\\/#breadcrumb\",\"itemListElement\":[{\"@type\":\"ListItem\",\"position\":1,\"name\":\"Portada\",\"item\":\"https:\\\/\\\/vrcars.es\\\/\"},{\"@type\":\"ListItem\",\"position\":2,\"name\":\"Stock\"}]},{\"@type\":\"WebSite\",\"@id\":\"https:\\\/\\\/vrcars.es\\\/gl\\\/#website\",\"url\":\"https:\\\/\\\/vrcars.es\\\/gl\\\/\",\"name\":\"VRCARS\",\"description\":\"VRCARS\",\"publisher\":{\"@id\":\"https:\\\/\\\/vrcars.es\\\/gl\\\/#organization\"},\"potentialAction\":[{\"@type\":\"SearchAction\",\"target\":{\"@type\":\"EntryPoint\",\"urlTemplate\":\"https:\\\/\\\/vrcars.es\\\/gl\\\/?s={search_term_string}\"},\"query-input\":{\"@type\":\"PropertyValueSpecification\",\"valueRequired\":true,\"valueName\":\"search_term_string\"}}],\"inLanguage\":\"gl-ES\"},{\"@type\":\"Organization\",\"@id\":\"https:\\\/\\\/vrcars.es\\\/gl\\\/#organization\",\"name\":\"VRCARS\",\"url\":\"https:\\\/\\\/vrcars.es\\\/gl\\\/\",\"logo\":{\"@type\":\"ImageObject\",\"inLanguage\":\"gl-ES\",\"@id\":\"https:\\\/\\\/vrcars.es\\\/gl\\\/#\\\/schema\\\/logo\\\/image\\\/\",\"url\":\"https:\\\/\\\/vrcars.es\\\/wp-content\\\/uploads\\\/2023\\\/05\\\/VRCars-logo-neg.png\",\"contentUrl\":\"https:\\\/\\\/vrcars.es\\\/wp-content\\\/uploads\\\/2023\\\/05\\\/VRCars-logo-neg.png\",\"width\":1103,\"height\":1231,\"caption\":\"VRCARS\"},\"image\":{\"@id\":\"https:\\\/\\\/vrcars.es\\\/gl\\\/#\\\/schema\\\/logo\\\/image\\\/\"},\"sameAs\":[\"https:\\\/\\\/www.facebook.com\\\/vrcarsimport\",\"https:\\\/\\\/www.instagram.com\\\/vrcars.es\\\/\"]}]}<\/script>\n<!-- \/ Yoast SEO plugin. -->","yoast_head_json":{"title":"Stock - VRCARS","robots":{"index":"noindex","follow":"follow","max-snippet":"max-snippet:-1","max-image-preview":"max-image-preview:large","max-video-preview":"max-video-preview:-1"},"og_locale":"gl_ES","og_type":"article","og_title":"Stock - VRCARS","og_description":"Coches en stock STOCK Los mejores coches para ti Nos encargamos de seleccionar los mejores veh\u00edculos para agregar a nuestro cat\u00e1logo y adem\u00e1s, te damos la posibilidad de buscarte tu coche a la carta. HOW IT WORKS El coche de tus sue\u00f1os en 3 pasos Nos comprometemos a ofrecer el mejor servicio durante todo el [&hellip;]","og_url":"https:\/\/vrcars.es\/gl\/stock\/","og_site_name":"VRCARS","article_publisher":"https:\/\/www.facebook.com\/vrcarsimport","article_modified_time":"2023-06-15T09:28:18+00:00","twitter_card":"summary_large_image","twitter_misc":{"Tempo de lectura":"1 minuto"},"schema":{"@context":"https:\/\/schema.org","@graph":[{"@type":"WebPage","@id":"https:\/\/vrcars.es\/stock\/","url":"https:\/\/vrcars.es\/stock\/","name":"Stock - VRCARS","isPartOf":{"@id":"https:\/\/vrcars.es\/gl\/#website"},"datePublished":"2023-06-05T10:41:43+00:00","dateModified":"2023-06-15T09:28:18+00:00","breadcrumb":{"@id":"https:\/\/vrcars.es\/stock\/#breadcrumb"},"inLanguage":"gl-ES","potentialAction":[{"@type":"ReadAction","target":["https:\/\/vrcars.es\/stock\/"]}]},{"@type":"BreadcrumbList","@id":"https:\/\/vrcars.es\/stock\/#breadcrumb","itemListElement":[{"@type":"ListItem","position":1,"name":"Portada","item":"https:\/\/vrcars.es\/"},{"@type":"ListItem","position":2,"name":"Stock"}]},{"@type":"WebSite","@id":"https:\/\/vrcars.es\/gl\/#website","url":"https:\/\/vrcars.es\/gl\/","name":"VRCARS","description":"VRCARS","publisher":{"@id":"https:\/\/vrcars.es\/gl\/#organization"},"potentialAction":[{"@type":"SearchAction","target":{"@type":"EntryPoint","urlTemplate":"https:\/\/vrcars.es\/gl\/?s={search_term_string}"},"query-input":{"@type":"PropertyValueSpecification","valueRequired":true,"valueName":"search_term_string"}}],"inLanguage":"gl-ES"},{"@type":"Organization","@id":"https:\/\/vrcars.es\/gl\/#organization","name":"VRCARS","url":"https:\/\/vrcars.es\/gl\/","logo":{"@type":"ImageObject","inLanguage":"gl-ES","@id":"https:\/\/vrcars.es\/gl\/#\/schema\/logo\/image\/","url":"https:\/\/vrcars.es\/wp-content\/uploads\/2023\/05\/VRCars-logo-neg.png","contentUrl":"https:\/\/vrcars.es\/wp-content\/uploads\/2023\/05\/VRCars-logo-neg.png","width":1103,"height":1231,"caption":"VRCARS"},"image":{"@id":"https:\/\/vrcars.es\/gl\/#\/schema\/logo\/image\/"},"sameAs":["https:\/\/www.facebook.com\/vrcarsimport","https:\/\/www.instagram.com\/vrcars.es\/"]}]}},"_links":{"self":[{"href":"https:\/\/vrcars.es\/gl\/wp-json\/wp\/v2\/pages\/276","targetHints":{"allow":["GET"]}}],"collection":[{"href":"https:\/\/vrcars.es\/gl\/wp-json\/wp\/v2\/pages"}],"about":[{"href":"https:\/\/vrcars.es\/gl\/wp-json\/wp\/v2\/types\/page"}],"author":[{"embeddable":true,"href":"https:\/\/vrcars.es\/gl\/wp-json\/wp\/v2\/users\/1"}],"replies":[{"embeddable":true,"href":"https:\/\/vrcars.es\/gl\/wp-json\/wp\/v2\/comments?post=276"}],"version-history":[{"count":43,"href":"https:\/\/vrcars.es\/gl\/wp-json\/wp\/v2\/pages\/276\/revisions"}],"predecessor-version":[{"id":691,"href":"https:\/\/vrcars.es\/gl\/wp-json\/wp\/v2\/pages\/276\/revisions\/691"}],"wp:attachment":[{"href":"https:\/\/vrcars.es\/gl\/wp-json\/wp\/v2\/media?parent=276"}],"curies":[{"name":"wp","href":"https:\/\/api.w.org\/{rel}","templated":true}]}}