{"id":781,"date":"2023-10-23T11:37:14","date_gmt":"2023-10-23T11:37:14","guid":{"rendered":"https:\/\/vrcars.es\/?page_id=781"},"modified":"2023-10-23T11:40:35","modified_gmt":"2023-10-23T11:40:35","slug":"politica-cookies","status":"publish","type":"page","link":"https:\/\/vrcars.es\/politica-cookies\/","title":{"rendered":"Pol\u00edtica de cookies"},"content":{"rendered":"<div data-elementor-type=\"wp-page\" data-elementor-id=\"781\" class=\"elementor elementor-781\">\n\t\t\t\t<div class=\"elementor-element elementor-element-b0c90cf e-flex e-con-boxed e-con e-parent\" data-id=\"b0c90cf\" data-element_type=\"container\" data-e-type=\"container\">\n\t\t\t\t\t<div class=\"e-con-inner\">\n\t\t\t\t<div class=\"elementor-element elementor-element-018d55a elementor-widget elementor-widget-wholia-legal\" data-id=\"018d55a\" data-element_type=\"widget\" data-e-type=\"widget\" data-widget_type=\"wholia-legal.default\">\n\t\t\t\t<div class=\"elementor-widget-container\">\n\t\t\t\t\t    <div>\n      \n<h2>\u00bfQu\u00e9 son las cookies?<\/h2>\n<p>Las cookies son archivos almacenados por las p\u00e1ginas web en los navegadores del usuario, las cuales contienen datos de sesi\u00f3n que pueden ser de utilidad m\u00e1s adelante en la misma p\u00e1gina web. Estos datos, que se guardan en las cookies, permiten mantener la informaci\u00f3n de navegaci\u00f3n entre las diferentes p\u00e1ginas del sitio Web, al tiempo que analizan la forma de interactuar con este, de forma que puede identificarse una preferencia de usuario.<\/p>\n\n<h2>Descripci\u00f3n de las cookies<\/h2>\n<dl>\n  <dt>Cookies t\u00e9cnicas:<\/dt>\n  <dd>Son aqu\u00e9llas que permiten al usuario la navegaci\u00f3n a trav\u00e9s de una p\u00e1gina web, plataforma o aplicaci\u00f3n y la utilizaci\u00f3n de las diferentes opciones o servicios que en ella existan como, por ejemplo, controlar el tr\u00e1fico y la comunicaci\u00f3n de datos, identificar la sesi\u00f3n, acceder a partes de acceso restringido, recordar los elementos que integran un pedido, realizar el proceso de compra de un pedido, utilizar elementos de seguridad durante la navegaci\u00f3n o compartir contenidos a trav\u00e9s de redes sociales.<\/dd>\n  <dt>Cookies de personalizaci\u00f3n:<\/dt>\n  <dd>Son aqu\u00e9llas que permiten al usuario acceder al servicio con algunas caracter\u00edsticas de car\u00e1cter general predefinidas en funci\u00f3n de una serie de criterios en el terminal del usuario como por ejemplo serian el idioma, el tipo de navegador a trav\u00e9s del cual accede al servicio, la configuraci\u00f3n regional desde donde accede al servicio, etc.<\/dd>\n  <dt>Cookies de sesi\u00f3n:<\/dt>\n  <dd>son cookies temporales que permanecen en el archivo de cookies del navegador hasta que se abandona la p\u00e1gina web. Se suele emplear para analizar pautas de tr\u00e1fico en la web. A la larga, esto permite proporcionar una mejor experiencia para mejorar el contenido y facilitar su uso.<\/dd>\n  <dt>Cookies de an\u00e1lisis:<\/dt>\n  <dd>Son aqu\u00e9llas que bien tratadas por nosotros o por terceros, nos permiten cuantificar el n\u00famero de usuarios y as\u00ed realizar la medici\u00f3n y an\u00e1lisis estad\u00edstico de la utilizaci\u00f3n que hacen los usuarios del servicio ofertado. Para ello se analiza su navegaci\u00f3n en nuestra p\u00e1gina web con el fin de mejorar la oferta de productos o servicios que le ofrecemos.<\/dd>\n<\/dl>\n\n<h2>\u00bfQu\u00e9 cookies utilizamos en este sitio web?<\/h2>\n<div class=\"cky-audit-table-element\">\n  <strong>Publicidad:<\/strong>\u00a0se utilizan este tipo de cookies para hacer que la publicidad sea m\u00e1s atractiva para los usuarios y m\u00e1s valiosa para los editores y anunciantes. Las cookies suelen utilizarse para seleccionar anuncios basados en contenido que es relevante para un usuario, mejorar los informes de rendimiento de la campa\u00f1a y evitar mostrar anuncios que el usuario ya haya visto.\r\n\r\n<strong>Preferencias:<\/strong>\u00a0Estas cookies permiten que nuestros sitios web recuerden informaci\u00f3n que cambia el aspecto o el comportamiento del sitio como, por ejemplo, tu idioma preferido o la regi\u00f3n en la que te encuentras. Por ejemplo, al recordar tu regi\u00f3n, un sitio web puede proporcionarte noticias sobre el tr\u00e1fico o boletines meteorol\u00f3gicos locales. Estas cookies tambi\u00e9n te permiten cambiar el tama\u00f1o del texto, la fuente y otras partes de las p\u00e1ginas web que puedes personalizar.\r\n\r\n<strong>An\u00e1lisis:<\/strong>\u00a0son aquellas cookies que bien, tratadas por nosotros o por terceros, nos permiten cuantificar el n\u00famero de usuarios y as\u00ed realizar la medici\u00f3n y an\u00e1lisis estad\u00edstico de la utilizaci\u00f3n que hacen los usuarios del servicio. Para ellos se analiza su navegaci\u00f3n en nuestra p\u00e1gina web con el fin de mejorar la experiencia del usuario.\r\n\r\n<strong>T\u00e9cnicas:<\/strong>\u00a0son aquellas cookies que permiten al usuario la navegaci\u00f3n a trav\u00e9s de la p\u00e1gina web y la utilizaci\u00f3n de las diferentes opciones o servicios que en ella existan.\r\n\r\nEl detalle de las cookies utilizadas en esta p\u00e1gina web es el siguiente:\r\n\r\n<strong>Google Analytics\u00a0(cookie de terceros, con el nombre _utma, _utmb, _utmc, _utmz ):<\/strong> Recoger informaci\u00f3n sobre la navegaci\u00f3n de los usuarios por el sitio con el fin de conocer el origen de las visitas y otros datos similares a nivel estad\u00edstico. No obtiene datos de los nombres o apellidos de los usuarios ni de la direcci\u00f3n postal concreta desde donde se conectan\u00a0el usuario ya haya visto.<\/div>\n\n<h2>\u00bfC\u00f3mo deshabilitar las cookies?<\/h2>\n\n<a class=\"cky-banner-element btn btn-primary\">Ajustes de cookies<\/a> <br \/>\n\n<p>Puede cambiar sus preferencias de cookies en cualquier momento haciendo clic en el bot\u00f3n de arriba. Esto le permitir\u00e1 volver a visitar el banner de consentimiento de cookies y cambiar sus preferencias o retirar su consentimiento de inmediato. <\/p>\n<p>Adem\u00e1s de esto, los diferentes navegadores brindan diferentes m\u00e9todos para bloquear y eliminar las cookies utilizadas por los sitios web. Puede cambiar la configuraci\u00f3n de su navegador para bloquear\/eliminar las cookies. A continuaci\u00f3n se enumeran los enlaces a los documentos de soporte sobre c\u00f3mo administrar y eliminar las cookies de los principales navegadores web:<\/p>\n<ul>\n  <li><a target=\"_blank\" rel=\"noopener noreferrer nofollow\" href=\"https:\/\/support.microsoft.com\/en-us\/topic\/how-to-delete-cookie-files-in-internet-explorer-bca9446f-d873-78de-77ba-d42645fa52fc\"><strong>Internet Explorer<\/strong><\/a><\/li>\n  <li><a target=\"_blank\" rel=\"noopener noreferrer nofollow\" href=\"https:\/\/support.mozilla.org\/en-US\/kb\/clear-cookies-and-site-data-firefox?redirectslug=delete-cookies-remove-info-websites-stored&redirectlocale=en-US\"><strong>Mozilla Firefox<\/strong><\/a><\/li>\n  <li><a target=\"_blank\" rel=\"noopener noreferrer nofollow\" href=\"https:\/\/support.google.com\/accounts\/answer\/32050\"><strong>Google Chrome<\/strong><\/a><\/li>\n  <li><a target=\"_blank\" rel=\"noopener noreferrer nofollow\" href=\"https:\/\/support.apple.com\/en-in\/guide\/safari\/sfri11471\/mac\"><strong>Safari<\/strong><\/a><\/li>\n  <li><a target=\"_blank\" rel=\"noopener noreferrer nofollow\" href=\"https:\/\/www.opera.com\/help\/tutorials\/security\/privacy\/\"><strong>Opera<\/strong><\/a><\/li>\n<\/ul>\n\n<p>Si est\u00e1 utilizando cualquier otro navegador web, visite los documentos de soporte oficiales de su navegador.<\/p>    <\/div>\n\t\t\t\t<\/div>\n\t\t\t\t<\/div>\n\t\t\t\t\t<\/div>\n\t\t\t\t<\/div>\n\t\t\t\t<\/div>","protected":false},"excerpt":{"rendered":"<p>\u00bfQu\u00e9 son las cookies? Las cookies son archivos almacenados por las p\u00e1ginas web en los navegadores del usuario, las cuales contienen datos de sesi\u00f3n que pueden ser de utilidad m\u00e1s adelante en la misma p\u00e1gina web. Estos datos, que se guardan en las cookies, permiten mantener la informaci\u00f3n de navegaci\u00f3n entre las diferentes p\u00e1ginas del [&hellip;]<\/p>\n","protected":false},"author":1,"featured_media":0,"parent":0,"menu_order":0,"comment_status":"closed","ping_status":"closed","template":"","meta":{"_themeisle_gutenberg_block_has_review":false,"footnotes":""},"class_list":["post-781","page","type-page","status-publish","hentry"],"yoast_head":"<!-- This site is optimized with the Yoast SEO plugin v27.5 - https:\/\/yoast.com\/product\/yoast-seo-wordpress\/ -->\n<title>Pol\u00edtica de cookies - VRCARS<\/title>\n<meta name=\"robots\" content=\"noindex, follow, max-snippet:-1, max-image-preview:large, max-video-preview:-1\" \/>\n<meta property=\"og:locale\" content=\"gl_ES\" \/>\n<meta property=\"og:type\" content=\"article\" \/>\n<meta property=\"og:title\" content=\"Pol\u00edtica de cookies - VRCARS\" \/>\n<meta property=\"og:description\" content=\"\u00bfQu\u00e9 son las cookies? Las cookies son archivos almacenados por las p\u00e1ginas web en los navegadores del usuario, las cuales contienen datos de sesi\u00f3n que pueden ser de utilidad m\u00e1s adelante en la misma p\u00e1gina web. Estos datos, que se guardan en las cookies, permiten mantener la informaci\u00f3n de navegaci\u00f3n entre las diferentes p\u00e1ginas del [&hellip;]\" \/>\n<meta property=\"og:url\" content=\"https:\/\/vrcars.es\/gl\/politica-cookies\/\" \/>\n<meta property=\"og:site_name\" content=\"VRCARS\" \/>\n<meta property=\"article:publisher\" content=\"https:\/\/www.facebook.com\/vrcarsimport\" \/>\n<meta property=\"article:modified_time\" content=\"2023-10-23T11:40:35+00:00\" \/>\n<meta name=\"twitter:card\" content=\"summary_large_image\" \/>\n<meta name=\"twitter:label1\" content=\"Tempo de lectura\" \/>\n\t<meta name=\"twitter:data1\" content=\"3 minutos\" \/>\n<script type=\"application\/ld+json\" class=\"yoast-schema-graph\">{\"@context\":\"https:\\\/\\\/schema.org\",\"@graph\":[{\"@type\":\"WebPage\",\"@id\":\"https:\\\/\\\/vrcars.es\\\/politica-cookies\\\/\",\"url\":\"https:\\\/\\\/vrcars.es\\\/politica-cookies\\\/\",\"name\":\"Pol\u00edtica de cookies - VRCARS\",\"isPartOf\":{\"@id\":\"https:\\\/\\\/vrcars.es\\\/gl\\\/#website\"},\"datePublished\":\"2023-10-23T11:37:14+00:00\",\"dateModified\":\"2023-10-23T11:40:35+00:00\",\"breadcrumb\":{\"@id\":\"https:\\\/\\\/vrcars.es\\\/politica-cookies\\\/#breadcrumb\"},\"inLanguage\":\"gl-ES\",\"potentialAction\":[{\"@type\":\"ReadAction\",\"target\":[\"https:\\\/\\\/vrcars.es\\\/politica-cookies\\\/\"]}]},{\"@type\":\"BreadcrumbList\",\"@id\":\"https:\\\/\\\/vrcars.es\\\/politica-cookies\\\/#breadcrumb\",\"itemListElement\":[{\"@type\":\"ListItem\",\"position\":1,\"name\":\"Portada\",\"item\":\"https:\\\/\\\/vrcars.es\\\/\"},{\"@type\":\"ListItem\",\"position\":2,\"name\":\"Pol\u00edtica de cookies\"}]},{\"@type\":\"WebSite\",\"@id\":\"https:\\\/\\\/vrcars.es\\\/gl\\\/#website\",\"url\":\"https:\\\/\\\/vrcars.es\\\/gl\\\/\",\"name\":\"VRCARS\",\"description\":\"VRCARS\",\"publisher\":{\"@id\":\"https:\\\/\\\/vrcars.es\\\/gl\\\/#organization\"},\"potentialAction\":[{\"@type\":\"SearchAction\",\"target\":{\"@type\":\"EntryPoint\",\"urlTemplate\":\"https:\\\/\\\/vrcars.es\\\/gl\\\/?s={search_term_string}\"},\"query-input\":{\"@type\":\"PropertyValueSpecification\",\"valueRequired\":true,\"valueName\":\"search_term_string\"}}],\"inLanguage\":\"gl-ES\"},{\"@type\":\"Organization\",\"@id\":\"https:\\\/\\\/vrcars.es\\\/gl\\\/#organization\",\"name\":\"VRCARS\",\"url\":\"https:\\\/\\\/vrcars.es\\\/gl\\\/\",\"logo\":{\"@type\":\"ImageObject\",\"inLanguage\":\"gl-ES\",\"@id\":\"https:\\\/\\\/vrcars.es\\\/gl\\\/#\\\/schema\\\/logo\\\/image\\\/\",\"url\":\"https:\\\/\\\/vrcars.es\\\/wp-content\\\/uploads\\\/2023\\\/05\\\/VRCars-logo-neg.png\",\"contentUrl\":\"https:\\\/\\\/vrcars.es\\\/wp-content\\\/uploads\\\/2023\\\/05\\\/VRCars-logo-neg.png\",\"width\":1103,\"height\":1231,\"caption\":\"VRCARS\"},\"image\":{\"@id\":\"https:\\\/\\\/vrcars.es\\\/gl\\\/#\\\/schema\\\/logo\\\/image\\\/\"},\"sameAs\":[\"https:\\\/\\\/www.facebook.com\\\/vrcarsimport\",\"https:\\\/\\\/www.instagram.com\\\/vrcars.es\\\/\"]}]}<\/script>\n<!-- \/ Yoast SEO plugin. -->","yoast_head_json":{"title":"Pol\u00edtica de cookies - VRCARS","robots":{"index":"noindex","follow":"follow","max-snippet":"max-snippet:-1","max-image-preview":"max-image-preview:large","max-video-preview":"max-video-preview:-1"},"og_locale":"gl_ES","og_type":"article","og_title":"Pol\u00edtica de cookies - VRCARS","og_description":"\u00bfQu\u00e9 son las cookies? Las cookies son archivos almacenados por las p\u00e1ginas web en los navegadores del usuario, las cuales contienen datos de sesi\u00f3n que pueden ser de utilidad m\u00e1s adelante en la misma p\u00e1gina web. Estos datos, que se guardan en las cookies, permiten mantener la informaci\u00f3n de navegaci\u00f3n entre las diferentes p\u00e1ginas del [&hellip;]","og_url":"https:\/\/vrcars.es\/gl\/politica-cookies\/","og_site_name":"VRCARS","article_publisher":"https:\/\/www.facebook.com\/vrcarsimport","article_modified_time":"2023-10-23T11:40:35+00:00","twitter_card":"summary_large_image","twitter_misc":{"Tempo de lectura":"3 minutos"},"schema":{"@context":"https:\/\/schema.org","@graph":[{"@type":"WebPage","@id":"https:\/\/vrcars.es\/politica-cookies\/","url":"https:\/\/vrcars.es\/politica-cookies\/","name":"Pol\u00edtica de cookies - VRCARS","isPartOf":{"@id":"https:\/\/vrcars.es\/gl\/#website"},"datePublished":"2023-10-23T11:37:14+00:00","dateModified":"2023-10-23T11:40:35+00:00","breadcrumb":{"@id":"https:\/\/vrcars.es\/politica-cookies\/#breadcrumb"},"inLanguage":"gl-ES","potentialAction":[{"@type":"ReadAction","target":["https:\/\/vrcars.es\/politica-cookies\/"]}]},{"@type":"BreadcrumbList","@id":"https:\/\/vrcars.es\/politica-cookies\/#breadcrumb","itemListElement":[{"@type":"ListItem","position":1,"name":"Portada","item":"https:\/\/vrcars.es\/"},{"@type":"ListItem","position":2,"name":"Pol\u00edtica de cookies"}]},{"@type":"WebSite","@id":"https:\/\/vrcars.es\/gl\/#website","url":"https:\/\/vrcars.es\/gl\/","name":"VRCARS","description":"VRCARS","publisher":{"@id":"https:\/\/vrcars.es\/gl\/#organization"},"potentialAction":[{"@type":"SearchAction","target":{"@type":"EntryPoint","urlTemplate":"https:\/\/vrcars.es\/gl\/?s={search_term_string}"},"query-input":{"@type":"PropertyValueSpecification","valueRequired":true,"valueName":"search_term_string"}}],"inLanguage":"gl-ES"},{"@type":"Organization","@id":"https:\/\/vrcars.es\/gl\/#organization","name":"VRCARS","url":"https:\/\/vrcars.es\/gl\/","logo":{"@type":"ImageObject","inLanguage":"gl-ES","@id":"https:\/\/vrcars.es\/gl\/#\/schema\/logo\/image\/","url":"https:\/\/vrcars.es\/wp-content\/uploads\/2023\/05\/VRCars-logo-neg.png","contentUrl":"https:\/\/vrcars.es\/wp-content\/uploads\/2023\/05\/VRCars-logo-neg.png","width":1103,"height":1231,"caption":"VRCARS"},"image":{"@id":"https:\/\/vrcars.es\/gl\/#\/schema\/logo\/image\/"},"sameAs":["https:\/\/www.facebook.com\/vrcarsimport","https:\/\/www.instagram.com\/vrcars.es\/"]}]}},"_links":{"self":[{"href":"https:\/\/vrcars.es\/gl\/wp-json\/wp\/v2\/pages\/781","targetHints":{"allow":["GET"]}}],"collection":[{"href":"https:\/\/vrcars.es\/gl\/wp-json\/wp\/v2\/pages"}],"about":[{"href":"https:\/\/vrcars.es\/gl\/wp-json\/wp\/v2\/types\/page"}],"author":[{"embeddable":true,"href":"https:\/\/vrcars.es\/gl\/wp-json\/wp\/v2\/users\/1"}],"replies":[{"embeddable":true,"href":"https:\/\/vrcars.es\/gl\/wp-json\/wp\/v2\/comments?post=781"}],"version-history":[{"count":7,"href":"https:\/\/vrcars.es\/gl\/wp-json\/wp\/v2\/pages\/781\/revisions"}],"predecessor-version":[{"id":789,"href":"https:\/\/vrcars.es\/gl\/wp-json\/wp\/v2\/pages\/781\/revisions\/789"}],"wp:attachment":[{"href":"https:\/\/vrcars.es\/gl\/wp-json\/wp\/v2\/media?parent=781"}],"curies":[{"name":"wp","href":"https:\/\/api.w.org\/{rel}","templated":true}]}}